{"id":28,"date":"2017-02-06T12:56:00","date_gmt":"2017-02-06T12:56:00","guid":{"rendered":"http:\/\/themes.uxbarn.com\/wp\/enso-dummy\/?page_id=28"},"modified":"2024-04-08T07:43:11","modified_gmt":"2024-04-08T07:43:11","slug":"about-julie-macdougall","status":"publish","type":"page","link":"https:\/\/www.sw-line.ch\/nihatodabasi\/about-julie-macdougall\/","title":{"rendered":"Nihat Odaba\u015f\u0131"},"content":{"rendered":"<p>Nihat Odaba\u015f\u0131, born in 1968 and residing in Istanbul, has garnered recognition for his outstanding work in photography and videography. His accolades include the following prestigious awards:<\/p>\n<p>2005 Pantene PNG Best Photographer<br \/>\n2006 Fashion TV Best Photographer<br \/>\n2009 Alt\u0131n Kelebek Best Video<br \/>\n2009 T\u00fcketici Akademisi AB Honorary Award<br \/>\n2009 Kabata\u015fl\u0131lar Derne\u011fi Best Photographer<br \/>\n2011 Pal FM Best Music Video for Hadise&#8217;s &#8220;Superman&#8221;<br \/>\n2012 Pal FM Best Music Video for Ziynet Sali&#8217;s &#8220;Her \u015fey G\u00fczel Olacak&#8221;<br \/>\n2013 Turkey Music Awards Best Music Video<br \/>\n2014 Fashion TV Best Photographer<br \/>\n2015 Fashion TV Best Photographer<br \/>\n2017 Fashion TV Best Photographer<br \/>\n2018 Fashion TV Best Photographer<br \/>\n2019 Bonne Vie Best Music Video for Aynur Ayd\u0131n&#8217;s \u201cSalla\u201d<\/p>\n<p>His talent and contributions have been celebrated across various platforms, solidifying his status as a prominent figure in the fields of photography and videography.<\/p>\n","protected":false},"excerpt":{"rendered":"<p>Nihat Odaba\u015f\u0131, born in 1968 and residing in Istanbul, has garnered recognition for his outstanding work in photography and videography. His accolades include the following prestigious awards: 2005 Pantene PNG Best Photographer 2006 Fashion TV Best Photographer 2009 Alt\u0131n Kelebek Best Video 2009 T\u00fcketici Akademisi AB Honorary Award 2009 Kabata\u015fl\u0131lar Derne\u011fi Best Photographer 2011 Pal FM Best Music Video for Hadise&#8217;s &#8220;Superman&#8221; 2012 Pal FM Best Music Video for Ziynet Sali&#8217;s &#8220;Her \u015fey G\u00fczel Olacak&#8221; 2013 Turkey Music Awards Best Music Video 2014 Fashion TV Best Photographer 2015 Fashion TV Best Photographer 2017 Fashion TV Best Photographer 2018 Fashion TV Best Photographer 2019 Bonne Vie Best Music Video for Aynur Ayd\u0131n&#8217;s \u201cSalla\u201d His talent and contributions have been celebrated across various platforms, solidifying his status as a prominent figure in the fields of photography and videography.<\/p>\n","protected":false},"author":1,"featured_media":156,"parent":0,"menu_order":0,"comment_status":"closed","ping_status":"closed","template":"","meta":{"footnotes":""},"class_list":["post-28","page","type-page","status-publish","has-post-thumbnail","hentry"],"_links":{"self":[{"href":"https:\/\/www.sw-line.ch\/nihatodabasi\/wp-json\/wp\/v2\/pages\/28","targetHints":{"allow":["GET"]}}],"collection":[{"href":"https:\/\/www.sw-line.ch\/nihatodabasi\/wp-json\/wp\/v2\/pages"}],"about":[{"href":"https:\/\/www.sw-line.ch\/nihatodabasi\/wp-json\/wp\/v2\/types\/page"}],"author":[{"embeddable":true,"href":"https:\/\/www.sw-line.ch\/nihatodabasi\/wp-json\/wp\/v2\/users\/1"}],"replies":[{"embeddable":true,"href":"https:\/\/www.sw-line.ch\/nihatodabasi\/wp-json\/wp\/v2\/comments?post=28"}],"version-history":[{"count":10,"href":"https:\/\/www.sw-line.ch\/nihatodabasi\/wp-json\/wp\/v2\/pages\/28\/revisions"}],"predecessor-version":[{"id":155,"href":"https:\/\/www.sw-line.ch\/nihatodabasi\/wp-json\/wp\/v2\/pages\/28\/revisions\/155"}],"wp:featuredmedia":[{"embeddable":true,"href":"https:\/\/www.sw-line.ch\/nihatodabasi\/wp-json\/wp\/v2\/media\/156"}],"wp:attachment":[{"href":"https:\/\/www.sw-line.ch\/nihatodabasi\/wp-json\/wp\/v2\/media?parent=28"}],"curies":[{"name":"wp","href":"https:\/\/api.w.org\/{rel}","templated":true}]}}